{"id":122,"date":"2017-04-29T21:46:48","date_gmt":"2017-04-30T01:46:48","guid":{"rendered":"http:\/\/warfrenzy.princeton.edu\/?page_id=122"},"modified":"2018-09-24T17:23:06","modified_gmt":"2018-09-24T21:23:06","slug":"panel-6","status":"publish","type":"page","link":"https:\/\/warfrenzy.princeton.edu\/?page_id=122","title":{"rendered":"Panel 6"},"content":{"rendered":"<p>Panel 6: <strong>WEAPONIZING THE PAST<\/strong><\/p>\n<p>Chair: <strong>ILYA VINITSKY (Princeton)<\/strong><\/p>\n<p><strong>MATTHEW KOVAC (Chicago)<\/strong><br \/>\n<a href=\"https:\/\/drive.google.com\/file\/d\/0B913YGI-HuqiRnN3SWZ2R0VfQVE\/view?usp=sharing\" target=\"_blank\" rel=\"noopener noreferrer\"   class=\"liinternal\"><em>\u201cContinuing the Mission\u201d: World War I and the Roots of Red Scare Violence, 1919-1921<\/em><\/a><\/p>\n<p><strong>TAMARA PAVASOVI\u0106 TRO\u0160T<\/strong> &amp; <strong>JOVANA MIHAJLOVI\u0106 TRBOVC\u00a0(Ljubljana)\u00a0<\/strong><br \/>\n<em>History Textbooks in War-Time: The Use of WWII in 1990s War Propaganda in the Former Yugoslavia<\/em><\/p>\n<p><strong>MATTHEW LUXMOORE\u00a0(Cambridge)<\/strong><br \/>\n<em>\u201cOrange Plague\u201d: WWII memory as an Instrument of Counter-Revolution in Putin&#8217;s Russia<\/em><\/p>\n<p>Discussant: <strong>ALEXEI GOLUBEV (Toronto)<\/strong><\/p>\n","protected":false},"excerpt":{"rendered":"<p>Panel 6: WEAPONIZING THE PAST Chair: ILYA VINITSKY (Princeton) MATTHEW KOVAC (Chicago) \u201cContinuing the Mission\u201d: World War I and the Roots of Red Scare Violence, 1919-1921 TAMARA PAVASOVI\u0106 TRO\u0160T &amp; JOVANA MIHAJLOVI\u0106 TRBOVC\u00a0(Ljubljana)\u00a0 History Textbooks in War-Time: The Use of WWII in 1990s War Propaganda in the Former Yugoslavia MATTHEW LUXMOORE\u00a0(Cambridge) \u201cOrange Plague\u201d: WWII memory &hellip; <a href=\"https:\/\/warfrenzy.princeton.edu\/?page_id=122\" class=\"more-link\">Continue reading<span class=\"screen-reader-text\"> &#8220;Panel 6&#8221;<\/span><\/a><\/p>\n","protected":false},"author":1801,"featured_media":0,"parent":0,"menu_order":0,"comment_status":"closed","ping_status":"closed","template":"","meta":{"inline_featured_image":false,"_coblocks_attr":"","_coblocks_dimensions":"","_coblocks_responsive_height":"","_coblocks_accordion_ie_support":"","jetpack_post_was_ever_published":false,"footnotes":""},"class_list":["post-122","page","type-page","status-publish","hentry"],"jetpack_sharing_enabled":true,"jetpack_shortlink":"https:\/\/wp.me\/P85oAQ-1Y","_links":{"self":[{"href":"https:\/\/warfrenzy.princeton.edu\/index.php?rest_route=\/wp\/v2\/pages\/122","targetHints":{"allow":["GET"]}}],"collection":[{"href":"https:\/\/warfrenzy.princeton.edu\/index.php?rest_route=\/wp\/v2\/pages"}],"about":[{"href":"https:\/\/warfrenzy.princeton.edu\/index.php?rest_route=\/wp\/v2\/types\/page"}],"author":[{"embeddable":true,"href":"https:\/\/warfrenzy.princeton.edu\/index.php?rest_route=\/wp\/v2\/users\/1801"}],"replies":[{"embeddable":true,"href":"https:\/\/warfrenzy.princeton.edu\/index.php?rest_route=%2Fwp%2Fv2%2Fcomments&post=122"}],"version-history":[{"count":9,"href":"https:\/\/warfrenzy.princeton.edu\/index.php?rest_route=\/wp\/v2\/pages\/122\/revisions"}],"predecessor-version":[{"id":224,"href":"https:\/\/warfrenzy.princeton.edu\/index.php?rest_route=\/wp\/v2\/pages\/122\/revisions\/224"}],"wp:attachment":[{"href":"https:\/\/warfrenzy.princeton.edu\/index.php?rest_route=%2Fwp%2Fv2%2Fmedia&parent=122"}],"curies":[{"name":"wp","href":"https:\/\/api.w.org\/{rel}","templated":true}]}}